{"id":302,"date":"2020-10-25T09:45:39","date_gmt":"2020-10-25T08:45:39","guid":{"rendered":"https:\/\/www.yogik.fr\/blogik\/?page_id=302"},"modified":"2022-08-04T09:04:13","modified_gmt":"2022-08-04T07:04:13","slug":"welkhome","status":"publish","type":"page","link":"https:\/\/www.yogik.fr\/blogik\/","title":{"rendered":"Blog Yoga > Blog Yogik > Blogik !"},"content":{"rendered":"\n<p>Depuis que le Yoga est entr\u00e9 dans ma vie,  je n&rsquo;ai eu de cesse m&rsquo;interroger sur ses bienfaits sur le corps gr\u00e2ce \u00e0 la pratique des postures, et sur l&rsquo;esprit, notamment gr\u00e2ce \u00e0 la m\u00e9ditation.<\/p>\n\n\n\n<p>J&rsquo;ai suivi des <a href=\"https:\/\/www.yogik.fr\/blogik\/quel-yoga\/iyengar-alignement.html\" data-type=\"URL\" data-id=\"https:\/\/www.yogik.fr\/blogik\/quel-yoga\/iyengar-alignement.html\" target=\"_blank\" rel=\"noreferrer noopener\">cours de Yoga de diff\u00e9rentes \u00e9coles d&rsquo;Hatha Yoga, notamment Iyengar<\/a> et Ashtanga, mais \u00e9galement des cours de Pranayama, je me suis int\u00e9ress\u00e9 \u00e0 l&rsquo;Ayurv\u00e9da et \u00e0 ses bienfaits sur la sant\u00e9, ses recettes -vegan ou non. Les professeurs de Yoga qui m&rsquo;ont initi\u00e9 m&rsquo;ont ouvert les yeux sur la pratique des asanas, sur la philosophie du yoga et ses origines, sur l&rsquo;esprit du Yoga tel que pratiqu\u00e9 en Inde.<\/p>\n\n\n\n<p>Mais alors, que recherche-t-on dans la pratique du Yoga ? L&rsquo;\u00e9quilibre ? L&rsquo;\u00e9nergie ? La sant\u00e9 ? La posture ?<\/p>\n\n\n\n<p>Vous ne trouverez pas sur ce blog yoga de r\u00e9ponses toutes faites \u00e0 ces questions, ni de citations inspirantes, ni de conseils pratiques sur votre pratique de yoga.<\/p>\n\n\n\n<p>Pourquoi ? Car je ne suis pas prof de yoga ! Car je fais mes premiers pas sur le chemin du Yoga, et que je ne peux que vous faire partager ma modeste exp\u00e9rience, que je pratique aujourd&rsquo;hui au quotidien, \u00e0 la maison ou en cours avec un.e professeur.e.<\/p>\n\n\n\n<p>Je vous partage via ce blog quelques articles \u00e0 propos de ma modeste exp\u00e9rience de quarantenaire, suite aux  cours de yoga debutant que j&rsquo;ai suivis ces derni\u00e8res ann\u00e9es, avec ma prof de yoga, et via des s\u00e9ances de yoga en ligne.<\/p>\n\n\n\n<p><\/p>\n\n\n\n<h2>Car OUI, on peut commencer le yoga \u00e0 40 ans !<\/h2>\n\n\n\n<p>et de citer Geeta Iyengar qui \u00e9crit dans \u00ab\u00a0Yoga, le Joyau de la Femme\u00a0\u00bb :<\/p>\n\n\n\n<p>\u00ab\u00a0<em>Le yoga peut \u00eatre pratiqu\u00e9 par tous, \u00e0 tout \u00e2ge. Il est particuli\u00e8rement b\u00e9n\u00e9fique apr\u00e8s quarante ans, quand la facult\u00e9 de r\u00e9cup\u00e9ration du corps d\u00e9cline et que la r\u00e9sistance \u00e0 la maladie s&rsquo;affaiblit. Il cr\u00e9e de l&rsquo;\u00e9nergie et ne la d\u00e9pense pas. Il rend \u00e9nergique et plein de vitalit\u00e9. Avec un minimum d&rsquo;effort, on obtient un maximum de b\u00e9n\u00e9fice<\/em>\u00ab\u00a0.<\/p>\n","protected":false},"excerpt":{"rendered":"<p>Depuis que le Yoga est entr\u00e9 dans ma vie, je n&rsquo;ai eu de cesse m&rsquo;interroger sur ses bienfaits sur le corps gr\u00e2ce \u00e0 la pratique des postures, et sur l&rsquo;esprit, notamment gr\u00e2ce \u00e0 la m\u00e9ditation. J&rsquo;ai suivi des cours de Yoga de diff\u00e9rentes \u00e9coles d&rsquo;Hatha Yoga, notamment Iyengar et Ashtanga, mais \u00e9galement des cours de &hellip; <\/p>\n<p class=\"link-more\"><a href=\"https:\/\/www.yogik.fr\/blogik\/\" class=\"more-link\">Continuer la lecture<span class=\"screen-reader-text\"> de &laquo;&nbsp;Blog Yoga > Blog Yogik > Blogik !&nbsp;&raquo;<\/span><\/a><\/p>\n","protected":false},"author":1,"featured_media":0,"parent":0,"menu_order":0,"comment_status":"closed","ping_status":"closed","template":"","meta":[],"_links":{"self":[{"href":"https:\/\/www.yogik.fr\/blogik\/wp-json\/wp\/v2\/pages\/302"}],"collection":[{"href":"https:\/\/www.yogik.fr\/blogik\/wp-json\/wp\/v2\/pages"}],"about":[{"href":"https:\/\/www.yogik.fr\/blogik\/wp-json\/wp\/v2\/types\/page"}],"author":[{"embeddable":true,"href":"https:\/\/www.yogik.fr\/blogik\/wp-json\/wp\/v2\/users\/1"}],"replies":[{"embeddable":true,"href":"https:\/\/www.yogik.fr\/blogik\/wp-json\/wp\/v2\/comments?post=302"}],"version-history":[{"count":15,"href":"https:\/\/www.yogik.fr\/blogik\/wp-json\/wp\/v2\/pages\/302\/revisions"}],"predecessor-version":[{"id":494,"href":"https:\/\/www.yogik.fr\/blogik\/wp-json\/wp\/v2\/pages\/302\/revisions\/494"}],"wp:attachment":[{"href":"https:\/\/www.yogik.fr\/blogik\/wp-json\/wp\/v2\/media?parent=302"}],"curies":[{"name":"wp","href":"https:\/\/api.w.org\/{rel}","templated":true}]}}